{"id":172,"date":"2025-02-25T15:57:11","date_gmt":"2025-02-25T15:57:11","guid":{"rendered":"https:\/\/www-test.dhss.delaware.gov\/dcss\/forms\/"},"modified":"2025-05-14T01:28:58","modified_gmt":"2025-05-14T06:28:58","slug":"forms","status":"publish","type":"page","link":"https:\/\/www-test.dhss.delaware.gov\/dcss\/forms\/","title":{"rendered":"forms ~  DCSS Publications and Forms: Applications and Forms  &#8211; Delaware Health and Social Services &#8211; State of Delaware"},"content":{"rendered":"<div data-swiftype-index=\"true\">\r\n  <br>\r\n  <div class=\"container\" id=\"main_header\">\r\n    <!-- BEGIN readspeaker div -->\r\n    <div class=\"rs_skip rsbtn rs_preserve\" id=\"readspeaker_button1\">\r\n      <a accesskey=\"L\" class=\"rsbtn_play\" href=\"https:\/\/app-na.readspeaker.com\/cgi-bin\/rsent?customerid=7262&#038;lang=en_us&#038;readid=main_content&#038;url=https:\/\/dhss.delaware.gov\/dcss\/forms.html\" title=\"Listen to this page using ReadSpeaker\">\r\n      <span class=\"rsbtn_left rsimg rspart\"><span class=\"rsbtn_text\"><span>Listen<\/span><\/span><\/span>\r\n      <span class=\"rsbtn_right rsimg rsplay rspart\"><\/span>\r\n      <\/a>\r\n    <\/div>\r\n    <!-- END readspeaker div -->\r\n    <header class=\"pull-left\">\r\n      <h1>\r\n        <!--[type=EDIT name=\"PageTitle\"]-->APPLICATIONS AND FORMS<!--[END]-->\r\n      <\/h1>\r\n    <\/header>\r\n  <\/div>\r\n  <br>\r\n  <div class=\"container\">\r\n    <div class=\"row\">\r\n      <div class=\"col-md-3\" id=\"leftCol\">\r\n        <div class=\"panel-group\" id=\"accordion\">\r\n          <div class=\"panel sectionmenu_panel\">\r\n            <div class=\"panel-heading\">\r\n              <p class=\"panel-title\"><a class=\"agency_nav\" data-parent=\"#accordion\" data-toggle=\"collapse\" href=\"#collapseOne\"><strong><i class=\"fa fa-align-justify fa-fw\"><\/i> Child Support Services Menu<\/strong><\/a><\/p>\r\n            <\/div>\r\n            <div class=\"panel-collapse collapse in\" id=\"collapseOne\">\r\n              <div class=\"panel-body\" id=\"clf_nav\">\r\n                <ul class=\"nav nav-stacked nav-pills-clf\" id=\"agency_sidebar\">\r\n                  <li>\r\n                    <a href=\"\/dcss\/\">\r\n                      <h2>Home <i class=\"fa fa-home fa-fw\"><\/i><\/h2>\r\n                    <\/a>\r\n                  <\/li>\r\n                  <li class=\"toplevel\">\r\n                    <a data-parent=\"#agency_sidebar\" data-toggle=\"collapse\" href=\"#HomeMenu\">\r\n                      <h2>About <i class=\"fa fa-caret-right fa-fw\"><\/i><\/h2>\r\n                    <\/a>\r\n                    <ul class=\"panel-collapse collapse\" id=\"HomeMenu\">\r\n                      <li>\r\n                        <a href=\"\/dcss\/contact.html\">Contact Information<\/a>\r\n                      <\/li>\r\n                      <li>\r\n                        <a href=\"\/dcss\/ofclocations.html\">Office Locations<\/a>\r\n                      <\/li>\r\n                      <li>\r\n                        <a href=\"\/dcss\/sections.html\">Sections &#038; Programs<\/a>\r\n                      <\/li>\r\n                    <\/ul>\r\n                  <\/li>\r\n                  <li class=\"toplevel\">\r\n                    <a data-parent=\"#sidebar\" data-toggle=\"collapse\" href=\"#ServicesMenu\">\r\n                      <h2>Services <i class=\"fa fa-caret-right fa-fw\"><\/i><\/h2>\r\n                    <\/a>\r\n                    <ul class=\"panel-collapse collapse\" id=\"ServicesMenu\">\r\n                      <li>\r\n                        <a href=\"\/dcss\/forms.html\">Applications &#038; Forms<\/a>\r\n                      <\/li>\r\n                      <li>\r\n                        <a href=\"\/dcss\/brochures.html\">Brochures, Flyers &#038; Posters<\/a>\r\n                      <\/li>\r\n                      <li>\r\n                        <a href=\"\/dcss\/pubs.html\">Customer Websites<\/a>\r\n                      <\/li>\r\n                      <li>\r\n                        <a href=\"\/dcss\/get_dd.html\">Direct Deposit<\/a>\r\n                      <\/li>\r\n                      <li>\r\n                        <a href=\"\/dcss\/enforce.html\">Enforcement Measures<\/a>\r\n                      <\/li>\r\n                      <li>\r\n                        <a href=\"\/dcss\/estpat.html\">Establish Paternity<\/a>\r\n                      <\/li>\r\n                      <li>\r\n                        <a href=\"\/dcss\/medsupp.html\">Medical Support<\/a>\r\n                      <\/li>\r\n                      <li>\r\n                        <a href=\"\/dcss\/modorder.html\">Modify Support<\/a>\r\n                      <\/li>\r\n                      <li>\r\n                        <a href=\"\/dcss\/actpmts.html\">Payment Collection<\/a>\r\n                      <\/li>\r\n                      <li>\r\n                        <a href=\"\/dcss\/storedvaluecard.html\">Stored Value Card<\/a>\r\n                      <\/li>\r\n                    <\/ul>\r\n                  <\/li>\r\n                  <li class=\"toplevel\">\r\n                    <a data-parent=\"#sidebar\" data-toggle=\"collapse\" href=\"#InformationMenu\">\r\n                      <h2>Information <i class=\"fa fa-caret-right fa-fw\"><\/i><\/h2>\r\n                    <\/a>\r\n                    <ul class=\"panel-collapse collapse\" id=\"InformationMenu\">\r\n                      <li>\r\n                        <a href=\"\/dcss\/faq.html\">FAQ<\/a>\r\n                      <\/li>\r\n                      <li>\r\n                        <a href=\"\/dcss\/empinfo.html\">For Employers<\/a>\r\n                      <\/li>\r\n                      <li>\r\n                        <a href=\"\/dcss\/natgd.html\">For Military<\/a>\r\n                      <\/li>\r\n                      <li>\r\n                        <a href=\"\/dcss\/got.html\">Glossary of Terms<\/a>\r\n                      <\/li>\r\n                      <li>\r\n                        <a href=\"\/dcss\/regs.html\">Regulations<\/a>\r\n                      <\/li>\r\n                      <li>\r\n                        <a href=\"\/dcss\/repstats.html\">Reports &#038; Statistics<\/a>\r\n                      <\/li>\r\n                    <\/ul>\r\n                  <\/li>\r\n                  <!--   <li><a id=\"SocialMenuHeader\"><h2>Connect <i class=\"fa fa-thumbs-o-up fa-fw\"><\/i><\/h2><\/a>\r\n                    <ul id=\"SocialMenu\">\r\n                      <li class=\"facebook\"><a href=\"https:\/\/www.facebook.com\/DEPublicHealth\" title=\"Division of Public Health Facebook Page\" target=\"_blank\"><i class=\"fa fa-facebook-square fa-lg\"><\/i> Facebook<\/a><\/li>\r\n                      <li class=\"twitter\"><a href=\"https:\/\/twitter.com\/Delaware_DHSS\" title=\"Delaware Health and Social Services Twitter Account\" target=\"_blank\"><i class=\"fa fa-twitter-square fa-lg\"><\/i> Twitter<\/a><\/li>\r\n                        <li class=\"googleplus\"><a href=\"#\"><i class=\"fa fa-google-plus-square fa-lg\"><\/i> Google +<\/a><\/li>\r\n                      <li class=\"flickr\"><a href=\"#\"><i class=\"fa fa-flickr fa-lg\"><\/i> Flickr<\/a><\/li>\r\n                      <li class=\"youtube\"><a href=\"#\"><i class=\"fa fa-youtube-square fa-lg\"><\/i> Youtube<\/a><\/li>\r\n                      <li class=\"instagram\"><a href=\"#\"><i class=\"fa fa-instagram fa-lg\"><\/i> Instagram<\/a><\/li>\r\n                      <li class=\"linkedin\"><a href=\"#\"><i class=\"fa fa-linkedin-square fa-lg\"><\/i> Linkedin<\/a><\/li>\r\n                      <li class=\"pinterest\"><a href=\"#\"><i class=\"fa fa-pinterest-square fa-lg\"><\/i> Pinterest<\/a><\/li> \r\n                    <\/ul>\r\n                    <\/li>  -->\r\n                <\/ul>\r\n              <\/div>\r\n            <\/div>\r\n          <\/div>\r\n        <\/div>\r\n        <br>\r\n      <\/div>\r\n      <div class=\"col-md-9\" id=\"main_content\">\r\n        <!--[type=HTMLEDIT name=\"Content\"]-->\r\n        <ul>\r\n          <li><a href=\"\/wp-content\/uploads\/sites\/3\/dcss\/pdf\/2024_DCSS_App.pdf\" title=\"Application for ChildSupport Services - PDF\">Application for Child Support Services<\/a> &#8211; (Check\/Money Order are the only accepted methods of payment.)<\/li>\r\n          <li><a href=\"\/wp-content\/uploads\/sites\/3\/dcss\/pdf\/affidavit_revised_2016.pdf\" title=\"Affidavit\">Affidavit of Lost or Stolen Check Form<\/a><\/li>\r\n          <li><a href=\"\/wp-content\/uploads\/sites\/3\/dcss\/pdf\/address_change_form.pdf\" title=\"Change of Address Form\">Change of Address Form<\/a> (Must submit with photo ID.)<\/li>\r\n          <li><a href=\"\/wp-content\/uploads\/sites\/3\/dcss\/pdf\/dcss_name_change_form_2016.pdf\" title=\"Change of Name Form\">Change of Name Form<\/a> &#8211; Change of Name Form must be submitted with phot ID and preferably the Marriage Certificate, Divorce Decree, or Court order that changed their name. <\/li>\r\n          <li><a href=\"\/wp-content\/uploads\/sites\/3\/dcss\/pdf\/ReliaCard_English.pdf\" title=\"Direct Depositor First State Family Pre-Paid VISA Debit Card Enrollment Form\">Direct Deposit or U.S. Bank ReliaCard Enrollment Form<\/a> Direct Deposit must have supporting documentation of the bank account such as Voided Check or letter from the bank on the bank\u2019s letterhead.<\/li>\r\n          <li><span style=\"font-size: 16px;\">ReliaCard\u00ae<\/span> Frequently Asked Questions &#8211; <a href=\"\/wp-content\/uploads\/sites\/3\/dcss\/pdf\/ReliaCard_FAQs_2023.pdf\">English<\/a> &#8211;<a href=\"\/wp-content\/uploads\/sites\/3\/dcss\/pdf\/ReliaCard_FAQs_Spanish_2023.pdf\"> Spanish <\/a><\/li>\r\n          <li><span lang=\"es\"><a href=\"\/wp-content\/uploads\/sites\/3\/dcss\/pdf\/FIN-25A_(spanish)_2024.pdf\">Formulario de inscripci\u00f3n para dep\u00f3sito directo o ReliaCard de U.S. Bank Versi\u00f3n en espa\u00f1ol<\/a> &#8211; El dep\u00f3sito directo debe tener documentaci\u00f3n de respaldo de la cuenta bancaria, como un cheque anulado o una carta del banco con membrete del banco<\/span><\/li>\r\n        <\/ul>\r\n        <!--[END]-->\r\n      <\/div>\r\n    <\/div>\r\n  <\/div>\r\n  <!-- \/container -->\r\n<\/div>","protected":false},"excerpt":{"rendered":"<p>Listen APPLICATIONS AND FORMS Child Support Services Menu Home About Contact Information Office Locations Sections &#038; Programs Services Applications &#038; Forms Brochures, Flyers &#038; Posters Customer Websites Direct Deposit Enforcement Measures Establish Paternity Medical Support Modify Support Payment Collection Stored Value Card Information FAQ For Employers For Military Glossary of Terms Regulations Reports &#038; Statistics [&hellip;]<\/p>\n","protected":false},"author":8,"featured_media":0,"parent":0,"menu_order":0,"comment_status":"closed","ping_status":"closed","template":"","meta":{"_acf_changed":false,"inline_featured_image":false,"footnotes":""},"class_list":["post-172","page","type-page","status-publish","hentry"],"acf":[],"_links":{"self":[{"href":"https:\/\/www-test.dhss.delaware.gov\/dcss\/wp-json\/wp\/v2\/pages\/172","targetHints":{"allow":["GET"]}}],"collection":[{"href":"https:\/\/www-test.dhss.delaware.gov\/dcss\/wp-json\/wp\/v2\/pages"}],"about":[{"href":"https:\/\/www-test.dhss.delaware.gov\/dcss\/wp-json\/wp\/v2\/types\/page"}],"author":[{"embeddable":true,"href":"https:\/\/www-test.dhss.delaware.gov\/dcss\/wp-json\/wp\/v2\/users\/8"}],"replies":[{"embeddable":true,"href":"https:\/\/www-test.dhss.delaware.gov\/dcss\/wp-json\/wp\/v2\/comments?post=172"}],"version-history":[{"count":1,"href":"https:\/\/www-test.dhss.delaware.gov\/dcss\/wp-json\/wp\/v2\/pages\/172\/revisions"}],"predecessor-version":[{"id":230,"href":"https:\/\/www-test.dhss.delaware.gov\/dcss\/wp-json\/wp\/v2\/pages\/172\/revisions\/230"}],"wp:attachment":[{"href":"https:\/\/www-test.dhss.delaware.gov\/dcss\/wp-json\/wp\/v2\/media?parent=172"}],"curies":[{"name":"wp","href":"https:\/\/api.w.org\/{rel}","templated":true}]}}